{"id":649,"date":"2025-08-13T12:57:13","date_gmt":"2025-08-13T12:57:13","guid":{"rendered":"http:\/\/bauer-couvreur-zinguerie.fr\/?page_id=649"},"modified":"2025-08-27T10:42:20","modified_gmt":"2025-08-27T10:42:20","slug":"blog","status":"publish","type":"page","link":"https:\/\/bauer-couvreur-zinguerie.fr\/index.php\/blog\/","title":{"rendered":"Blog"},"content":{"rendered":"\t\t<div data-elementor-type=\"wp-page\" data-elementor-id=\"649\" class=\"elementor elementor-649\" data-elementor-post-type=\"page\">\n\t\t\t\t<div class=\"elementor-element elementor-element-27535f2d e-flex e-con-boxed e-con e-parent\" data-id=\"27535f2d\" data-element_type=\"container\" data-settings=\"{&quot;background_background&quot;:&quot;classic&quot;}\">\n\t\t\t\t\t<div class=\"e-con-inner\">\n\t\t<div class=\"elementor-element elementor-element-2ad19431 e-con-full e-flex e-con e-child\" data-id=\"2ad19431\" data-element_type=\"container\">\n\t\t\t\t<div class=\"elementor-element elementor-element-61076225 elementor-widget elementor-widget-heading\" data-id=\"61076225\" data-element_type=\"widget\" data-widget_type=\"heading.default\">\n\t\t\t\t\t<h1 class=\"elementor-heading-title elementor-size-default\">Blog<\/h1>\t\t\t\t<\/div>\n\t\t\t\t<div class=\"elementor-element elementor-element-6fe2e0c9 elementor-icon-list--layout-inline elementor-list-item-link-full_width elementor-widget elementor-widget-icon-list\" data-id=\"6fe2e0c9\" data-element_type=\"widget\" data-widget_type=\"icon-list.default\">\n\t\t\t\t\t\t\t<ul class=\"elementor-icon-list-items elementor-inline-items\">\n\t\t\t\t\t\t\t<li class=\"elementor-icon-list-item elementor-inline-item\">\n\t\t\t\t\t\t\t\t\t\t\t<a href=\"https:\/\/bauer-couvreur-zinguerie.fr\/\">\n\n\t\t\t\t\t\t\t\t\t\t\t<span class=\"elementor-icon-list-text\">Accueil<\/span>\n\t\t\t\t\t\t\t\t\t\t\t<\/a>\n\t\t\t\t\t\t\t\t\t<\/li>\n\t\t\t\t\t\t\t\t<li class=\"elementor-icon-list-item elementor-inline-item\">\n\t\t\t\t\t\t\t\t\t\t\t<span class=\"elementor-icon-list-icon\">\n\t\t\t\t\t\t\t<svg aria-hidden=\"true\" class=\"e-font-icon-svg e-fas-chevron-right\" viewBox=\"0 0 320 512\" xmlns=\"http:\/\/www.w3.org\/2000\/svg\"><path d=\"M285.476 272.971L91.132 467.314c-9.373 9.373-24.569 9.373-33.941 0l-22.667-22.667c-9.357-9.357-9.375-24.522-.04-33.901L188.505 256 34.484 101.255c-9.335-9.379-9.317-24.544.04-33.901l22.667-22.667c9.373-9.373 24.569-9.373 33.941 0L285.475 239.03c9.373 9.372 9.373 24.568.001 33.941z\"><\/path><\/svg>\t\t\t\t\t\t<\/span>\n\t\t\t\t\t\t\t\t\t\t<span class=\"elementor-icon-list-text\">Blog<\/span>\n\t\t\t\t\t\t\t\t\t<\/li>\n\t\t\t\t\t\t<\/ul>\n\t\t\t\t\t\t<\/div>\n\t\t\t\t<\/div>\n\t\t\t\t\t<\/div>\n\t\t\t\t<\/div>\n\t\t<div class=\"elementor-element elementor-element-e515209 e-flex e-con-boxed e-con e-parent\" data-id=\"e515209\" data-element_type=\"container\">\n\t\t\t\t\t<div class=\"e-con-inner\">\n\t\t<div class=\"elementor-element elementor-element-376144da e-con-full e-flex e-con e-child\" data-id=\"376144da\" data-element_type=\"container\">\n\t\t\t\t<div class=\"elementor-element elementor-element-1c4e5772 elementor-invisible elementor-widget elementor-widget-elementskit-blog-posts\" data-id=\"1c4e5772\" data-element_type=\"widget\" data-settings=\"{&quot;_animation&quot;:&quot;fadeIn&quot;}\" data-widget_type=\"elementskit-blog-posts.default\">\n\t\t\t\t\t<div class=\"ekit-wid-con\" >        <div id=\"post-items--1c4e5772\" class=\"row post-items\">\n                    <div class=\"col-lg-4 col-md-6\">\n\n                                    <div class=\"elementskit-post-image-card\">\n                        <div class=\"elementskit-entry-header\">\n                            \n                            \n\t\t\t\t\t\t\t\t\t\t\t\t\t<\/div><!-- .elementskit-entry-header END -->\n\n\t\t\t\t\t\t<div class=\"elementskit-post-body \">\n\t\t\t\t\t\t\t\n\t\t\t\t\t\t\t\t\t\t\t\t\t\t\t\t\t\t\t\t\t\t\t\t\t\t\t\t\t\t\n\t\t\t\t\t\t\t\t\n\t\t\t\t\t\t\t\t\t\t\t\t\t\t\t\t\t\t\t\t\t<h2 class=\"entry-title\">\n\t\t\t\t\t<a href=\"https:\/\/bauer-couvreur-zinguerie.fr\/index.php\/2025\/08\/27\/nettoyage-de-facade-3-techniques-efficaces-pour-redonner-de-leclat-a-votre-maison-copy\/\">\n\t\t\t\t\t\tNettoyage de fa\u00e7ade : 3 techniques efficaces pour redonner de\u2026\t\t\t\t\t<\/a>\n\t\t\t\t<\/h2>\n\t\t\t\t\t\t\t\t\t\t\t\t\t\t\t\t\t\t\t\t\t\t\t\t\t\t\t\t\t\t\t\t\t\t\t\t\t\t\t\t\t\t<p>Nettoyage de fa\u00e7ade : 3 techniques efficaces Accueil Blog Nettoyage de fa\u00e7ade : 3 techniques\u2026<\/p>\n\t\t\t\t\t\t\t\t\t\t\t\t\t\t\t\t\t\t\t\t\t\t                                                            <div class=\"btn-wraper\">\n                                    \n                                                                            <a class=\"elementskit-btn whitespace--normal\" id=\"\" href=\"https:\/\/bauer-couvreur-zinguerie.fr\/index.php\/2025\/08\/27\/nettoyage-de-facade-3-techniques-efficaces-pour-redonner-de-leclat-a-votre-maison-copy\/\">\n                                        \t                                            En savoir plus                                        <\/a>\n                                                                    <\/div>\n                                                    <\/div><!-- .elementskit-post-body END -->\n                    <\/div>\n                \n            <\/div>\n                    <div class=\"col-lg-4 col-md-6\">\n\n                                    <div class=\"elementskit-post-image-card\">\n                        <div class=\"elementskit-entry-header\">\n                            \n                            \n\t\t\t\t\t\t\t\t\t\t\t\t\t<\/div><!-- .elementskit-entry-header END -->\n\n\t\t\t\t\t\t<div class=\"elementskit-post-body \">\n\t\t\t\t\t\t\t\n\t\t\t\t\t\t\t\t\t\t\t\t\t\t\t\t\t\t\t\t\t\t\t\t\t\t\t\t\t\t\n\t\t\t\t\t\t\t\t\n\t\t\t\t\t\t\t\t\t\t\t\t\t\t\t\t\t\t\t\t\t<h2 class=\"entry-title\">\n\t\t\t\t\t<a href=\"https:\/\/bauer-couvreur-zinguerie.fr\/index.php\/2025\/08\/18\/5-astuces-pour-prolonger-la-duree-de-vie-de-votre-toiture-grace-a-un-entretien-regulier\/\">\n\t\t\t\t\t\t5 astuces pour prolonger la dur\u00e9e de vie de votre\u2026\t\t\t\t\t<\/a>\n\t\t\t\t<\/h2>\n\t\t\t\t\t\t\t\t\t\t\t\t\t\t\t\t\t\t\t\t\t\t\t\t\t\t\t\t\t\t\t\t\t\t\t\t\t\t\t\t\t\t<p>5 astuces pour prolonger la dur\u00e9e de vie de votre toiture gr\u00e2ce \u00e0 un entretien\u2026<\/p>\n\t\t\t\t\t\t\t\t\t\t\t\t\t\t\t\t\t\t\t\t\t\t                                                            <div class=\"btn-wraper\">\n                                    \n                                                                            <a class=\"elementskit-btn whitespace--normal\" id=\"\" href=\"https:\/\/bauer-couvreur-zinguerie.fr\/index.php\/2025\/08\/18\/5-astuces-pour-prolonger-la-duree-de-vie-de-votre-toiture-grace-a-un-entretien-regulier\/\">\n                                        \t                                            En savoir plus                                        <\/a>\n                                                                    <\/div>\n                                                    <\/div><!-- .elementskit-post-body END -->\n                    <\/div>\n                \n            <\/div>\n                    <div class=\"col-lg-4 col-md-6\">\n\n                                    <div class=\"elementskit-post-image-card\">\n                        <div class=\"elementskit-entry-header\">\n                            \n                            \n\t\t\t\t\t\t\t\t\t\t\t\t\t<\/div><!-- .elementskit-entry-header END -->\n\n\t\t\t\t\t\t<div class=\"elementskit-post-body \">\n\t\t\t\t\t\t\t\n\t\t\t\t\t\t\t\t\t\t\t\t\t\t\t\t\t\t\t\t\t\t\t\t\t\t\t\t\t\t\n\t\t\t\t\t\t\t\t\n\t\t\t\t\t\t\t\t\t\t\t\t\t\t\t\t\t\t\t\t\t<h2 class=\"entry-title\">\n\t\t\t\t\t<a href=\"https:\/\/bauer-couvreur-zinguerie.fr\/index.php\/2025\/08\/13\/nettoyage-de-facade-3-techniques-efficaces-pour-redonner-de-leclat-a-votre-maison\/\">\n\t\t\t\t\t\tZinguerie : 4 conseils d\u2019expert pour \u00e9viter les infiltrations d\u2019eau\t\t\t\t\t<\/a>\n\t\t\t\t<\/h2>\n\t\t\t\t\t\t\t\t\t\t\t\t\t\t\t\t\t\t\t\t\t\t\t\t\t\t\t\t\t\t\t\t\t\t\t\t\t\t\t\t\t\t<p>4 conseils d\u2019expert pour \u00e9viter les infiltrations d\u2019eau Accueil Blog Bauer Couverture vous partage 4\u2026<\/p>\n\t\t\t\t\t\t\t\t\t\t\t\t\t\t\t\t\t\t\t\t\t\t                                                            <div class=\"btn-wraper\">\n                                    \n                                                                            <a class=\"elementskit-btn whitespace--normal\" id=\"\" href=\"https:\/\/bauer-couvreur-zinguerie.fr\/index.php\/2025\/08\/13\/nettoyage-de-facade-3-techniques-efficaces-pour-redonner-de-leclat-a-votre-maison\/\">\n                                        \t                                            En savoir plus                                        <\/a>\n                                                                    <\/div>\n                                                    <\/div><!-- .elementskit-post-body END -->\n                    <\/div>\n                \n            <\/div>\n                <\/div>\n       <\/div>\t\t\t\t<\/div>\n\t\t\t\t<\/div>\n\t\t\t\t\t<\/div>\n\t\t\t\t<\/div>\n\t\t\t\t<\/div>\n\t\t","protected":false},"excerpt":{"rendered":"<p>Blog Accueil Blog Nettoyage de fa\u00e7ade : 3 techniques efficaces pour redonner de\u2026 Nettoyage de fa\u00e7ade : 3 techniques efficaces [&hellip;]<\/p>\n","protected":false},"author":1,"featured_media":0,"parent":0,"menu_order":0,"comment_status":"closed","ping_status":"closed","template":"","meta":{"site-sidebar-layout":"no-sidebar","site-content-layout":"","ast-site-content-layout":"full-width-container","site-content-style":"default","site-sidebar-style":"default","ast-global-header-display":"","ast-banner-title-visibility":"","ast-main-header-display":"","ast-hfb-above-header-display":"","ast-hfb-below-header-display":"","ast-hfb-mobile-header-display":"","site-post-title":"disabled","ast-breadcrumbs-content":"","ast-featured-img":"disabled","footer-sml-layout":"","theme-transparent-header-meta":"","adv-header-id-meta":"","stick-header-meta":"","header-above-stick-meta":"","header-main-stick-meta":"","header-below-stick-meta":"","astra-migrate-meta-layouts":"default","ast-page-background-enabled":"default","ast-page-background-meta":{"desktop":{"background-color":"var(--ast-global-color-5)","background-image":"","background-repeat":"repeat","background-position":"center center","background-size":"auto","background-attachment":"scroll","background-type":"","background-media":"","overlay-type":"","overlay-color":"","overlay-opacity":"","overlay-gradient":""},"tablet":{"background-color":"","background-image":"","background-repeat":"repeat","background-position":"center center","background-size":"auto","background-attachment":"scroll","background-type":"","background-media":"","overlay-type":"","overlay-color":"","overlay-opacity":"","overlay-gradient":""},"mobile":{"background-color":"","background-image":"","background-repeat":"repeat","background-position":"center center","background-size":"auto","background-attachment":"scroll","background-type":"","background-media":"","overlay-type":"","overlay-color":"","overlay-opacity":"","overlay-gradient":""}},"ast-content-background-meta":{"desktop":{"background-color":"var(--ast-global-color-4)","background-image":"","background-repeat":"repeat","background-position":"center center","background-size":"auto","background-attachment":"scroll","background-type":"","background-media":"","overlay-type":"","overlay-color":"","overlay-opacity":"","overlay-gradient":""},"tablet":{"background-color":"var(--ast-global-color-4)","background-image":"","background-repeat":"repeat","background-position":"center center","background-size":"auto","background-attachment":"scroll","background-type":"","background-media":"","overlay-type":"","overlay-color":"","overlay-opacity":"","overlay-gradient":""},"mobile":{"background-color":"var(--ast-global-color-4)","background-image":"","background-repeat":"repeat","background-position":"center center","background-size":"auto","background-attachment":"scroll","background-type":"","background-media":"","overlay-type":"","overlay-color":"","overlay-opacity":"","overlay-gradient":""}},"footnotes":""},"class_list":["post-649","page","type-page","status-publish","hentry"],"yoast_head":"<!-- This site is optimized with the Yoast SEO plugin v25.6 - https:\/\/yoast.com\/wordpress\/plugins\/seo\/ -->\n<title>Blog - Bauer couverture<\/title>\n<meta name=\"robots\" content=\"index, follow, max-snippet:-1, max-image-preview:large, max-video-preview:-1\" \/>\n<link rel=\"canonical\" href=\"https:\/\/bauer-couvreur-zinguerie.fr\/index.php\/blog\/\" \/>\n<meta property=\"og:locale\" content=\"fr_FR\" \/>\n<meta property=\"og:type\" content=\"article\" \/>\n<meta property=\"og:title\" content=\"Blog - Bauer couverture\" \/>\n<meta property=\"og:description\" content=\"Blog Accueil Blog Nettoyage de fa\u00e7ade : 3 techniques efficaces pour redonner de\u2026 Nettoyage de fa\u00e7ade : 3 techniques efficaces [&hellip;]\" \/>\n<meta property=\"og:url\" content=\"https:\/\/bauer-couvreur-zinguerie.fr\/index.php\/blog\/\" \/>\n<meta property=\"og:site_name\" content=\"Bauer couverture\" \/>\n<meta property=\"article:modified_time\" content=\"2025-08-27T10:42:20+00:00\" \/>\n<meta name=\"twitter:card\" content=\"summary_large_image\" \/>\n<meta name=\"twitter:label1\" content=\"Dur\u00e9e de lecture estim\u00e9e\" \/>\n\t<meta name=\"twitter:data1\" content=\"1 minute\" \/>\n<script type=\"application\/ld+json\" class=\"yoast-schema-graph\">{\"@context\":\"https:\/\/schema.org\",\"@graph\":[{\"@type\":\"WebPage\",\"@id\":\"https:\/\/bauer-couvreur-zinguerie.fr\/index.php\/blog\/\",\"url\":\"https:\/\/bauer-couvreur-zinguerie.fr\/index.php\/blog\/\",\"name\":\"Blog - Bauer couverture\",\"isPartOf\":{\"@id\":\"https:\/\/bauer-couvreur-zinguerie.fr\/#website\"},\"datePublished\":\"2025-08-13T12:57:13+00:00\",\"dateModified\":\"2025-08-27T10:42:20+00:00\",\"breadcrumb\":{\"@id\":\"https:\/\/bauer-couvreur-zinguerie.fr\/index.php\/blog\/#breadcrumb\"},\"inLanguage\":\"fr-FR\",\"potentialAction\":[{\"@type\":\"ReadAction\",\"target\":[\"https:\/\/bauer-couvreur-zinguerie.fr\/index.php\/blog\/\"]}]},{\"@type\":\"BreadcrumbList\",\"@id\":\"https:\/\/bauer-couvreur-zinguerie.fr\/index.php\/blog\/#breadcrumb\",\"itemListElement\":[{\"@type\":\"ListItem\",\"position\":1,\"name\":\"Accueil\",\"item\":\"https:\/\/bauer-couvreur-zinguerie.fr\/\"},{\"@type\":\"ListItem\",\"position\":2,\"name\":\"Blog\"}]},{\"@type\":\"WebSite\",\"@id\":\"https:\/\/bauer-couvreur-zinguerie.fr\/#website\",\"url\":\"https:\/\/bauer-couvreur-zinguerie.fr\/\",\"name\":\"Bauer couverture\",\"description\":\"\",\"potentialAction\":[{\"@type\":\"SearchAction\",\"target\":{\"@type\":\"EntryPoint\",\"urlTemplate\":\"https:\/\/bauer-couvreur-zinguerie.fr\/?s={search_term_string}\"},\"query-input\":{\"@type\":\"PropertyValueSpecification\",\"valueRequired\":true,\"valueName\":\"search_term_string\"}}],\"inLanguage\":\"fr-FR\"}]}<\/script>\n<!-- \/ Yoast SEO plugin. -->","yoast_head_json":{"title":"Blog - Bauer couverture","robots":{"index":"index","follow":"follow","max-snippet":"max-snippet:-1","max-image-preview":"max-image-preview:large","max-video-preview":"max-video-preview:-1"},"canonical":"https:\/\/bauer-couvreur-zinguerie.fr\/index.php\/blog\/","og_locale":"fr_FR","og_type":"article","og_title":"Blog - Bauer couverture","og_description":"Blog Accueil Blog Nettoyage de fa\u00e7ade : 3 techniques efficaces pour redonner de\u2026 Nettoyage de fa\u00e7ade : 3 techniques efficaces [&hellip;]","og_url":"https:\/\/bauer-couvreur-zinguerie.fr\/index.php\/blog\/","og_site_name":"Bauer couverture","article_modified_time":"2025-08-27T10:42:20+00:00","twitter_card":"summary_large_image","twitter_misc":{"Dur\u00e9e de lecture estim\u00e9e":"1 minute"},"schema":{"@context":"https:\/\/schema.org","@graph":[{"@type":"WebPage","@id":"https:\/\/bauer-couvreur-zinguerie.fr\/index.php\/blog\/","url":"https:\/\/bauer-couvreur-zinguerie.fr\/index.php\/blog\/","name":"Blog - Bauer couverture","isPartOf":{"@id":"https:\/\/bauer-couvreur-zinguerie.fr\/#website"},"datePublished":"2025-08-13T12:57:13+00:00","dateModified":"2025-08-27T10:42:20+00:00","breadcrumb":{"@id":"https:\/\/bauer-couvreur-zinguerie.fr\/index.php\/blog\/#breadcrumb"},"inLanguage":"fr-FR","potentialAction":[{"@type":"ReadAction","target":["https:\/\/bauer-couvreur-zinguerie.fr\/index.php\/blog\/"]}]},{"@type":"BreadcrumbList","@id":"https:\/\/bauer-couvreur-zinguerie.fr\/index.php\/blog\/#breadcrumb","itemListElement":[{"@type":"ListItem","position":1,"name":"Accueil","item":"https:\/\/bauer-couvreur-zinguerie.fr\/"},{"@type":"ListItem","position":2,"name":"Blog"}]},{"@type":"WebSite","@id":"https:\/\/bauer-couvreur-zinguerie.fr\/#website","url":"https:\/\/bauer-couvreur-zinguerie.fr\/","name":"Bauer couverture","description":"","potentialAction":[{"@type":"SearchAction","target":{"@type":"EntryPoint","urlTemplate":"https:\/\/bauer-couvreur-zinguerie.fr\/?s={search_term_string}"},"query-input":{"@type":"PropertyValueSpecification","valueRequired":true,"valueName":"search_term_string"}}],"inLanguage":"fr-FR"}]}},"_links":{"self":[{"href":"https:\/\/bauer-couvreur-zinguerie.fr\/index.php\/wp-json\/wp\/v2\/pages\/649","targetHints":{"allow":["GET"]}}],"collection":[{"href":"https:\/\/bauer-couvreur-zinguerie.fr\/index.php\/wp-json\/wp\/v2\/pages"}],"about":[{"href":"https:\/\/bauer-couvreur-zinguerie.fr\/index.php\/wp-json\/wp\/v2\/types\/page"}],"author":[{"embeddable":true,"href":"https:\/\/bauer-couvreur-zinguerie.fr\/index.php\/wp-json\/wp\/v2\/users\/1"}],"replies":[{"embeddable":true,"href":"https:\/\/bauer-couvreur-zinguerie.fr\/index.php\/wp-json\/wp\/v2\/comments?post=649"}],"version-history":[{"count":13,"href":"https:\/\/bauer-couvreur-zinguerie.fr\/index.php\/wp-json\/wp\/v2\/pages\/649\/revisions"}],"predecessor-version":[{"id":827,"href":"https:\/\/bauer-couvreur-zinguerie.fr\/index.php\/wp-json\/wp\/v2\/pages\/649\/revisions\/827"}],"wp:attachment":[{"href":"https:\/\/bauer-couvreur-zinguerie.fr\/index.php\/wp-json\/wp\/v2\/media?parent=649"}],"curies":[{"name":"wp","href":"https:\/\/api.w.org\/{rel}","templated":true}]}}